{"id":9006,"date":"2022-02-04T22:39:54","date_gmt":"2022-02-04T19:39:54","guid":{"rendered":"https:\/\/taktik.com.tr\/iletisim\/"},"modified":"2024-09-11T15:23:03","modified_gmt":"2024-09-11T12:23:03","slug":"contact-us","status":"publish","type":"page","link":"https:\/\/taktik.com.tr\/en\/contact-us\/","title":{"rendered":"Contact Us"},"content":{"rendered":"<section class=\"l-section wpb_row height_auto full_height valign_center color_primary\"><div class=\"l-section-overlay\" style=\"background:#000000\"><\/div><div class=\"l-section-h i-cf\"><div class=\"g-cols vc_row via_grid cols_1 laptops-cols_inherit tablets-cols_inherit mobiles-cols_1 valign_middle type_default stacking_default\"><div class=\"wpb_column vc_column_container us_custom_efef2cb9 us_animate_this\"><div class=\"vc_column-inner\"><div class=\"g-cols wpb_row us_custom_bd85d247 via_grid cols_2 laptops-cols_inherit tablets-cols_inherit mobiles-cols_1 valign_middle type_boxes stacking_default\" style=\"--gap:1.3rem;\"><div class=\"wpb_column vc_column_container\"><div class=\"vc_column-inner\"><div class=\"w-vwrapper us_custom_edb423b1 align_none valign_top\"><div class=\"wpb_text_column us_custom_28be455e has_text_color\"><div class=\"wpb_wrapper\"><p>CONTACT US<\/p>\n<\/div><\/div><div class=\"wpb_text_column us_custom_f7295f2c\"><div class=\"wpb_wrapper\"><h2>CONTACT<\/h2>\n<\/div><\/div><\/div><div class=\"w-separator size_small\"><\/div><div class=\"w-iconbox iconpos_left style_outlined color_custom align_left no_text\"><div class=\"w-iconbox-icon\" style=\"font-size:22px;--icon-color:#ffffff;--icon-bg-color:#ffffff;\"><i class=\"fal fa-map-marker-alt\"><\/i><\/div><div class=\"w-iconbox-meta\"><div class=\"w-iconbox-title\">Uzay ve Havac\u0131l\u0131k \u0130htisas OSB, B\/28. Cad No: 6, Kahramankazan \/ Ankara<\/div><\/div><\/div><div class=\"w-separator size_small\"><\/div><div class=\"w-iconbox iconpos_left style_outlined color_custom align_left no_text\"><a href=\"tel:+903125118400\" class=\"w-iconbox-link\" aria-label=\"+90 (312) 511 84 00\"><div class=\"w-iconbox-icon\" style=\"font-size:22px;--icon-color:#ffffff;--icon-bg-color:#ffffff;\"><i class=\"fal fa-phone\"><\/i><\/div><\/a><div class=\"w-iconbox-meta\"><a href=\"tel:+903125118400\" class=\"w-iconbox-link\" aria-label=\"+90 (312) 511 84 00\"><div class=\"w-iconbox-title\">+90 (312) 511 84 00<\/div><\/a><\/div><\/div><div class=\"w-separator size_small\"><\/div><div class=\"w-iconbox iconpos_left style_outlined color_custom align_left no_text\"><a href=\"mailto:taktik@taktik.com.tr\" class=\"w-iconbox-link\" aria-label=\"taktik@taktik.com.tr\"><div class=\"w-iconbox-icon\" style=\"font-size:22px;--icon-color:#ffffff;--icon-bg-color:#ffffff;\"><i class=\"fal fa-envelope\"><\/i><\/div><\/a><div class=\"w-iconbox-meta\"><a href=\"mailto:taktik@taktik.com.tr\" class=\"w-iconbox-link\" aria-label=\"taktik@taktik.com.tr\"><div class=\"w-iconbox-title\">taktik@taktik.com.tr<\/div><\/a><\/div><\/div><div class=\"w-separator size_small\"><\/div><div class=\"w-iconbox iletisimform iconpos_left style_outlined color_custom align_left no_text\"><a href=\"#\" class=\"w-iconbox-link\" aria-label=\"Contact Form\"><div class=\"w-iconbox-icon\" style=\"font-size:22px;--icon-color:#ffffff;--icon-bg-color:#ffffff;\"><i class=\"fal fa-clipboard-list\"><\/i><\/div><\/a><div class=\"w-iconbox-meta\"><a href=\"#\" class=\"w-iconbox-link\" aria-label=\"Contact Form\"><div class=\"w-iconbox-title\">Contact Form<\/div><\/a><\/div><\/div><div class=\"w-separator size_medium\"><\/div><div class=\"w-socials us_custom_211707e8 color_text shape_none\" style=\"--gap:0.5em;\"><div class=\"w-socials-list\"><div class=\"w-socials-item linkedin\"><a target=\"_blank\" rel=\"nofollow\" href=\"https:\/\/www.linkedin.com\/in\/taktik-teknoloji-3b9925293\/\" class=\"w-socials-item-link\" title=\"LinkedIn\" aria-label=\"LinkedIn\"><span class=\"w-socials-item-link-hover\"><\/span><i class=\"fab fa-linkedin\"><\/i><\/a><\/div><\/div><\/div><div class=\"w-popup align_none\"><span class=\"w-popup-trigger type_selector\" data-selector=\".iletisimform\"><\/span><div class=\"w-popup-overlay\" style=\"background:rgba(0,0,0,0.85);\"><\/div><div class=\"w-popup-wrap layout_default\" style=\"--title-color:var(--color-content-heading);--title-bg-color:var(--color-content-bg-alt);--content-color:var(--color-content-text);--content-bg-color:var(--color-content-bg);--popup-width:600px;--popup-padding:5%;\"><div class=\"w-popup-box animation_fadeIn closerpos_outside without_title\"><div class=\"w-popup-box-h\"><div class=\"w-popup-box-content\"><section class=\"l-section wpb_row height_auto\"><div class=\"l-section-h i-cf\"><div class=\"g-cols vc_row via_grid cols_1 laptops-cols_inherit tablets-cols_inherit mobiles-cols_1 valign_top type_default stacking_default\"><div class=\"wpb_column vc_column_container us_custom_efef2cb9 us_animate_this\"><div class=\"vc_column-inner\"><form class=\"w-form  layout_ver for_cform us_form_1\" autocomplete=\"off\" action=\"https:\/\/taktik.com.tr\/en\/wp-json\/wp\/v2\/pages\/9006\" method=\"post\"><div class=\"w-form-h\"><div class=\"w-form-row for_text required\">\r\n\t\t<div class=\"w-form-row-field\">\r\n\t\t\t\t\t\t<input aria-label=\"Name Surname\" type=\"text\" name=\"us_form_1_text_1\" value placeholder=\"Name Surname *\" data-required=\"true\" aria-required=\"true\"\/>\r\n\t\t\t<\/div>\r\n\t\t<div class=\"w-form-row-state\">Fill out this field<\/div>\r\n<\/div>\r\n<div class=\"w-form-row for_email required\">\r\n\t\t<div class=\"w-form-row-field\">\r\n\t\t\t\t\t\t<input aria-label=\"E-Mail\" type=\"email\" name=\"us_form_1_email_1\" value placeholder=\"E-Mail *\" data-required=\"true\" aria-required=\"true\"\/>\r\n\t\t\t<\/div>\r\n\t\t<div class=\"w-form-row-state\">Please enter a valid email address.<\/div>\r\n<\/div>\r\n<div class=\"w-form-row for_text required\">\r\n\t\t<div class=\"w-form-row-field\">\r\n\t\t\t\t\t\t<input aria-label=\"Phone Number\" type=\"text\" name=\"us_form_1_text_2\" value placeholder=\"Phone Number *\" data-required=\"true\" aria-required=\"true\"\/>\r\n\t\t\t<\/div>\r\n\t\t<div class=\"w-form-row-state\">Fill out this field<\/div>\r\n<\/div>\r\n<div class=\"w-form-row for_textarea required\">\r\n\t\t<div class=\"w-form-row-field\">\r\n\t\t\t\t\t\t<textarea aria-label=\"Messages\" name=\"us_form_1_textarea_1\" placeholder=\"Messages *\" data-required=\"true\" aria-required=\"true\"><\/textarea>\r\n\t\t\t<\/div>\r\n\t\t<div class=\"w-form-row-state\">Fill out this field<\/div>\r\n<\/div>\r\n<div class=\"w-form-row for_agreement required\">\r\n\t\t<div class=\"w-form-row-field\">\r\n\t\t\t\t<label>\r\n\t\t\t<input type=\"checkbox\" value=\"1\" data-required=\"true\" aria-required=\"true\" name=\"us_form_1_agreement_1\"\/>\r\n\t\t\t<span>I have read and approve the <a href=\u2018\/en\/gdpr\u2019 target=\u2018_blank\u2019>GDPR Clarification Text<\/a>.<\/span>\r\n\t\t<\/label>\r\n\t\t\t<\/div>\r\n\t\t<div class=\"w-form-row-state\">You need to agree with the terms to proceed<\/div>\r\n<\/div>\r\n<input type=\"hidden\" name=\"action\" value=\"us_ajax_cform\" \/>\r\n<input type=\"hidden\" name=\"post_id\" value=\"9010\" \/>\r\n<input type=\"hidden\" name=\"form_index\" value=\"1\" \/>\r\n<div class=\"w-form-row for_submit align_none\">\r\n\t<button class=\"w-btn  us-btn-style_1\" aria-label=\"Send\" type=\"submit\">\r\n\t\t<span class=\"g-preloader type_1\"><\/span>\r\n\t\t\t\t<span class=\"w-btn-label\">Send<\/span>\r\n\t\t\t<\/button>\r\n\t<\/div>\r\n<\/div><div class=\"w-form-message\"><\/div><div class=\"w-form-json hidden\" onclick='return {&quot;ajaxurl&quot;:&quot;https:\\\/\\\/taktik.com.tr\\\/wp-admin\\\/admin-ajax.php&quot;,&quot;messages&quot;:{&quot;err_empty&quot;:&quot;Fill out this field&quot;,&quot;err_size&quot;:&quot;File size cannot exceed %s MB&quot;,&quot;err_extension&quot;:&quot;%s file type is not allowed&quot;}}'><\/div><\/form><\/div><\/div><\/div><\/div><\/section>\n<\/div><\/div><\/div><div class=\"w-popup-closer\"><\/div><\/div><\/div><\/div><\/div><div class=\"wpb_column vc_column_container\"><div class=\"vc_column-inner\"><div class=\"w-html\"><iframe src=\"https:\/\/www.google.com\/maps\/embed?pb=!1m18!1m12!1m3!1d97715.73586902407!2d32.43246029726561!3d40.061653!2m3!1f0!2f0!3f0!3m2!1i1024!2i768!4f13.1!3m3!1m2!1s0x14d33382cef7eb91%3A0x2f2c5142155b6336!2sTaktik%20Teknoloji!5e0!3m2!1str!2str!4v1725972192409!5m2!1str!2str\" width=\"100%\" height=\"400\" style=\"border:0;\" allowfullscreen=\"\" loading=\"lazy\" referrerpolicy=\"no-referrer-when-downgrade\"><\/iframe><\/div><\/div><\/div><\/div><\/div><\/div><\/div><\/div><\/section>\n","protected":false},"excerpt":{"rendered":"CONTACT US CONTACT Uzay ve Havac\u0131l\u0131k \u0130htisas OSB, B\/28. Cad No: 6, Kahramankazan \/ Ankara+90 (312) 511 84 00taktik@taktik.com.trContact Form Fill out this field Please enter a valid email address. Fill out this field Fill out this field I have read and approve the GDPR Clarification Text. You need to agree with the terms to...","protected":false},"author":1,"featured_media":0,"parent":0,"menu_order":0,"comment_status":"closed","ping_status":"closed","template":"","meta":{"footnotes":""},"class_list":["post-9006","page","type-page","status-publish","hentry"],"_links":{"self":[{"href":"https:\/\/taktik.com.tr\/en\/wp-json\/wp\/v2\/pages\/9006","targetHints":{"allow":["GET"]}}],"collection":[{"href":"https:\/\/taktik.com.tr\/en\/wp-json\/wp\/v2\/pages"}],"about":[{"href":"https:\/\/taktik.com.tr\/en\/wp-json\/wp\/v2\/types\/page"}],"author":[{"embeddable":true,"href":"https:\/\/taktik.com.tr\/en\/wp-json\/wp\/v2\/users\/1"}],"replies":[{"embeddable":true,"href":"https:\/\/taktik.com.tr\/en\/wp-json\/wp\/v2\/comments?post=9006"}],"version-history":[{"count":4,"href":"https:\/\/taktik.com.tr\/en\/wp-json\/wp\/v2\/pages\/9006\/revisions"}],"predecessor-version":[{"id":9050,"href":"https:\/\/taktik.com.tr\/en\/wp-json\/wp\/v2\/pages\/9006\/revisions\/9050"}],"wp:attachment":[{"href":"https:\/\/taktik.com.tr\/en\/wp-json\/wp\/v2\/media?parent=9006"}],"curies":[{"name":"wp","href":"https:\/\/api.w.org\/{rel}","templated":true}]}}